{"id":1156,"date":"2016-01-02T08:49:56","date_gmt":"2016-01-02T08:49:56","guid":{"rendered":"http:\/\/new.meetmeprograms.hu\/hu\/?page_id=1156"},"modified":"2016-01-02T08:49:56","modified_gmt":"2016-01-02T08:49:56","slug":"szabadidos-programok","status":"publish","type":"page","link":"https:\/\/meetmeprograms.hu\/hu\/szabadidos-programok\/","title":{"rendered":"Szabadid\u0151s programok"},"content":{"rendered":"<div class=\"display-posts-listing lts_layout3 \"><div class=\"listing-item\"><div class=\"img_wrap\"><div class=\"icon_wrap animated fadeInUp\"><a href=\"https:\/\/meetmeprograms.hu\/hu\/mindcrime\/\"><i class=\"fa fa-plus\"><\/i><\/a><\/div><a class=\"image\" href=\"https:\/\/meetmeprograms.hu\/hu\/mindcrime\/\"><img width=\"1024\" height=\"595\" src=\"https:\/\/meetmeprograms.hu\/wp-content\/uploads\/2017\/06\/mindcrime-head-1024x595.jpg\" class=\"attachment-large size-large wp-post-image\" alt=\"\" decoding=\"async\" loading=\"lazy\" srcset=\"https:\/\/meetmeprograms.hu\/wp-content\/uploads\/2017\/06\/mindcrime-head-1024x595.jpg 1024w, https:\/\/meetmeprograms.hu\/wp-content\/uploads\/2017\/06\/mindcrime-head-300x174.jpg 300w, https:\/\/meetmeprograms.hu\/wp-content\/uploads\/2017\/06\/mindcrime-head-768x446.jpg 768w\" sizes=\"(max-width: 1024px) 100vw, 1024px\" \/><\/a><\/div><h2 class=\"lt_animate\"><a class=\"title\" href=\"https:\/\/meetmeprograms.hu\/hu\/mindcrime\/\">MINDCRIME<\/a><\/h2><span class=\"excerpt\">Live room escape game in downtown Budapest! Join our team and become special thieves! You will have to&hellip;<\/span><\/div><div class=\"listing-item\"><div class=\"img_wrap\"><div class=\"icon_wrap animated fadeInUp\"><a href=\"https:\/\/meetmeprograms.hu\/hu\/logixity\/\"><i class=\"fa fa-plus\"><\/i><\/a><\/div><a class=\"image\" href=\"https:\/\/meetmeprograms.hu\/hu\/logixity\/\"><img width=\"1024\" height=\"595\" src=\"https:\/\/meetmeprograms.hu\/wp-content\/uploads\/2017\/06\/logixity-head-1024x595.jpg\" class=\"attachment-large size-large wp-post-image\" alt=\"\" decoding=\"async\" loading=\"lazy\" srcset=\"https:\/\/meetmeprograms.hu\/wp-content\/uploads\/2017\/06\/logixity-head-1024x595.jpg 1024w, https:\/\/meetmeprograms.hu\/wp-content\/uploads\/2017\/06\/logixity-head-300x174.jpg 300w, https:\/\/meetmeprograms.hu\/wp-content\/uploads\/2017\/06\/logixity-head-768x446.jpg 768w\" sizes=\"(max-width: 1024px) 100vw, 1024px\" \/><\/a><\/div><h2 class=\"lt_animate\"><a class=\"title\" href=\"https:\/\/meetmeprograms.hu\/hu\/logixity\/\">Logixity<\/a><\/h2><span class=\"excerpt\">About Logixity: We have two types of escape games: Classic and Live Actor. Classic, is pretty much what&hellip;<\/span><\/div><div class=\"listing-item\"><div class=\"img_wrap\"><div class=\"icon_wrap animated fadeInUp\"><a href=\"https:\/\/meetmeprograms.hu\/hu\/bp-esztetikai-fogaszat\/\"><i class=\"fa fa-plus\"><\/i><\/a><\/div><a class=\"image\" href=\"https:\/\/meetmeprograms.hu\/hu\/bp-esztetikai-fogaszat\/\"><img width=\"1024\" height=\"595\" src=\"https:\/\/meetmeprograms.hu\/wp-content\/uploads\/2017\/05\/bp-foga\u0301szat-head-1024x595.jpg\" class=\"attachment-large size-large wp-post-image\" alt=\"\" decoding=\"async\" loading=\"lazy\" srcset=\"https:\/\/meetmeprograms.hu\/wp-content\/uploads\/2017\/05\/bp-foga\u0301szat-head-1024x595.jpg 1024w, https:\/\/meetmeprograms.hu\/wp-content\/uploads\/2017\/05\/bp-foga\u0301szat-head-300x174.jpg 300w, https:\/\/meetmeprograms.hu\/wp-content\/uploads\/2017\/05\/bp-foga\u0301szat-head-768x446.jpg 768w\" sizes=\"(max-width: 1024px) 100vw, 1024px\" \/><\/a><\/div><h2 class=\"lt_animate\"><a class=\"title\" href=\"https:\/\/meetmeprograms.hu\/hu\/bp-esztetikai-fogaszat\/\">Budapest Eszt\u00e9tikai Fog\u00e1szat<\/a><\/h2><span class=\"excerpt\">Eszt\u00e9tikai fog\u00e1szat Kiemelt figyelmet ford\u00edtunk arra, hogy kezel\u00e9seink teljesen f\u00e1jdalommentesek legyenek. Nemcsak a fogk\u0151 elt\u00e1vol\u00edt\u00e1st pr\u00f3b\u00e1ljuk teljesen f\u00e1jdalommentesen&hellip;<\/span><\/div><div class=\"listing-item\"><div class=\"img_wrap\"><div class=\"icon_wrap animated fadeInUp\"><a href=\"https:\/\/meetmeprograms.hu\/hu\/idocsapda\/\"><i class=\"fa fa-plus\"><\/i><\/a><\/div><a class=\"image\" href=\"https:\/\/meetmeprograms.hu\/hu\/idocsapda\/\"><img width=\"1024\" height=\"595\" src=\"https:\/\/meetmeprograms.hu\/wp-content\/uploads\/2016\/02\/idocsapda-head-1024x595.jpg\" class=\"attachment-large size-large wp-post-image\" alt=\"\" decoding=\"async\" loading=\"lazy\" srcset=\"https:\/\/meetmeprograms.hu\/wp-content\/uploads\/2016\/02\/idocsapda-head-1024x595.jpg 1024w, https:\/\/meetmeprograms.hu\/wp-content\/uploads\/2016\/02\/idocsapda-head-300x174.jpg 300w, https:\/\/meetmeprograms.hu\/wp-content\/uploads\/2016\/02\/idocsapda-head-768x446.jpg 768w\" sizes=\"(max-width: 1024px) 100vw, 1024px\" \/><\/a><\/div><h2 class=\"lt_animate\"><a class=\"title\" href=\"https:\/\/meetmeprograms.hu\/hu\/idocsapda\/\">Id\u0151csapda<\/a><\/h2><span class=\"excerpt\">Az Id\u0151csapda\u00ae a legegyedibb szabadul\u00f3s csapatj\u00e1t\u00e9k (exit game) a belv\u00e1ros k\u00f6zep\u00e9n, egy Kazinczy utcab\u00e9li hamis\u00edtatlan romkocsm\u00e1ban, M\u00c1R H\u00c1ROM&hellip;<\/span><\/div><div class=\"listing-item\"><div class=\"img_wrap\"><div class=\"icon_wrap animated fadeInUp\"><a href=\"https:\/\/meetmeprograms.hu\/hu\/mystique-room\/\"><i class=\"fa fa-plus\"><\/i><\/a><\/div><a class=\"image\" href=\"https:\/\/meetmeprograms.hu\/hu\/mystique-room\/\"><img width=\"1024\" height=\"595\" src=\"https:\/\/meetmeprograms.hu\/wp-content\/uploads\/2016\/02\/mystiqueroom-head-1024x595.jpg\" class=\"attachment-large size-large wp-post-image\" alt=\"\" decoding=\"async\" loading=\"lazy\" srcset=\"https:\/\/meetmeprograms.hu\/wp-content\/uploads\/2016\/02\/mystiqueroom-head-1024x595.jpg 1024w, https:\/\/meetmeprograms.hu\/wp-content\/uploads\/2016\/02\/mystiqueroom-head-300x174.jpg 300w, https:\/\/meetmeprograms.hu\/wp-content\/uploads\/2016\/02\/mystiqueroom-head-768x446.jpg 768w\" sizes=\"(max-width: 1024px) 100vw, 1024px\" \/><\/a><\/div><h2 class=\"lt_animate\"><a class=\"title\" href=\"https:\/\/meetmeprograms.hu\/hu\/mystique-room\/\">Mystique Room<\/a><\/h2><span class=\"excerpt\">A kiszabadul\u00f3s j\u00e1t\u00e9k hazai tal\u00e1lm\u00e1ny, 2009 \u00f3ta az eg\u00e9sz vil\u00e1gon elterjedt. A megsz\u00e1llottak egym\u00e1s ut\u00e1n keresik fel a&hellip;<\/span><\/div><div class=\"listing-item\"><div class=\"img_wrap\"><div class=\"icon_wrap animated fadeInUp\"><a href=\"https:\/\/meetmeprograms.hu\/hu\/szechenyi-gyogyfurdo\/\"><i class=\"fa fa-plus\"><\/i><\/a><\/div><a class=\"image\" href=\"https:\/\/meetmeprograms.hu\/hu\/szechenyi-gyogyfurdo\/\"><img width=\"1024\" height=\"768\" src=\"https:\/\/meetmeprograms.hu\/wp-content\/uploads\/2014\/11\/Budapest_Szechenyi_furdo-1024x768.png\" class=\"attachment-large size-large wp-post-image\" alt=\"\" decoding=\"async\" loading=\"lazy\" srcset=\"https:\/\/meetmeprograms.hu\/wp-content\/uploads\/2014\/11\/Budapest_Szechenyi_furdo.png 1024w, https:\/\/meetmeprograms.hu\/wp-content\/uploads\/2014\/11\/Budapest_Szechenyi_furdo-300x225.png 300w, https:\/\/meetmeprograms.hu\/wp-content\/uploads\/2014\/11\/Budapest_Szechenyi_furdo-768x576.png 768w\" sizes=\"(max-width: 1024px) 100vw, 1024px\" \/><\/a><\/div><h2 class=\"lt_animate\"><a class=\"title\" href=\"https:\/\/meetmeprograms.hu\/hu\/szechenyi-gyogyfurdo\/\">Sz\u00e9chenyi-gy\u00f3gyf\u00fcrd\u0151<\/a><\/h2><span class=\"excerpt\">The Sz\u00e9chenyi Medicinal Bath in Budapest (Hungarian: Sz\u00e9chenyi-gy\u00f3gyf\u00fcrd\u0151) is the largest medicinal bath in Europe. Its water is&hellip;<\/span><\/div><div class=\"listing-item\"><div class=\"img_wrap\"><div class=\"icon_wrap animated fadeInUp\"><a href=\"https:\/\/meetmeprograms.hu\/hu\/riverride-az-uszo-busz-budapesten\/\"><i class=\"fa fa-plus\"><\/i><\/a><\/div><a class=\"image\" href=\"https:\/\/meetmeprograms.hu\/hu\/riverride-az-uszo-busz-budapesten\/\"><img width=\"900\" height=\"434\" src=\"https:\/\/meetmeprograms.hu\/wp-content\/uploads\/2015\/01\/river-ride-the-floating-bus-in-budapest-tour-325211.jpg\" class=\"attachment-large size-large wp-post-image\" alt=\"\" decoding=\"async\" loading=\"lazy\" srcset=\"https:\/\/meetmeprograms.hu\/wp-content\/uploads\/2015\/01\/river-ride-the-floating-bus-in-budapest-tour-325211.jpg 900w, https:\/\/meetmeprograms.hu\/wp-content\/uploads\/2015\/01\/river-ride-the-floating-bus-in-budapest-tour-325211-300x145.jpg 300w, https:\/\/meetmeprograms.hu\/wp-content\/uploads\/2015\/01\/river-ride-the-floating-bus-in-budapest-tour-325211-768x370.jpg 768w\" sizes=\"(max-width: 900px) 100vw, 900px\" \/><\/a><\/div><h2 class=\"lt_animate\"><a class=\"title\" href=\"https:\/\/meetmeprograms.hu\/hu\/riverride-az-uszo-busz-budapesten\/\">Riverride, az \u00fasz\u00f3 busz budapesten<\/a><\/h2><span class=\"excerpt\">The Floating Bus How does RiverRide\u2019s floating bus resemble the Millennium Underground line? Both are yellow, both operate&hellip;<\/span><\/div><div class=\"listing-item\"><div class=\"img_wrap\"><div class=\"icon_wrap animated fadeInUp\"><a href=\"https:\/\/meetmeprograms.hu\/hu\/rudas-furdo\/\"><i class=\"fa fa-plus\"><\/i><\/a><\/div><a class=\"image\" href=\"https:\/\/meetmeprograms.hu\/hu\/rudas-furdo\/\"><img width=\"1000\" height=\"593\" src=\"https:\/\/meetmeprograms.hu\/wp-content\/uploads\/2015\/01\/rudas.jpg\" class=\"attachment-large size-large wp-post-image\" alt=\"\" decoding=\"async\" loading=\"lazy\" srcset=\"https:\/\/meetmeprograms.hu\/wp-content\/uploads\/2015\/01\/rudas.jpg 1000w, https:\/\/meetmeprograms.hu\/wp-content\/uploads\/2015\/01\/rudas-300x178.jpg 300w, https:\/\/meetmeprograms.hu\/wp-content\/uploads\/2015\/01\/rudas-768x455.jpg 768w\" sizes=\"(max-width: 1000px) 100vw, 1000px\" \/><\/a><\/div><h2 class=\"lt_animate\"><a class=\"title\" href=\"https:\/\/meetmeprograms.hu\/hu\/rudas-furdo\/\">Rudas F\u00fcrd\u0151<\/a><\/h2><span class=\"excerpt\">Rudas Bath or Rudas f\u00fcrd\u0151 is a thermal and medicinal bath in Budapest, Hungary. It was first built&hellip;<\/span><\/div><div class=\"listing-item\"><div class=\"img_wrap\"><div class=\"icon_wrap animated fadeInUp\"><a href=\"https:\/\/meetmeprograms.hu\/hu\/paniqszoba\/\"><i class=\"fa fa-plus\"><\/i><\/a><\/div><a class=\"image\" href=\"https:\/\/meetmeprograms.hu\/hu\/paniqszoba\/\"><img width=\"1024\" height=\"576\" src=\"https:\/\/meetmeprograms.hu\/wp-content\/uploads\/2015\/03\/panikszoba-1024x576.jpg\" class=\"attachment-large size-large wp-post-image\" alt=\"\" decoding=\"async\" loading=\"lazy\" srcset=\"https:\/\/meetmeprograms.hu\/wp-content\/uploads\/2015\/03\/panikszoba.jpg 1024w, https:\/\/meetmeprograms.hu\/wp-content\/uploads\/2015\/03\/panikszoba-300x169.jpg 300w, https:\/\/meetmeprograms.hu\/wp-content\/uploads\/2015\/03\/panikszoba-768x432.jpg 768w\" sizes=\"(max-width: 1024px) 100vw, 1024px\" \/><\/a><\/div><h2 class=\"lt_animate\"><a class=\"title\" href=\"https:\/\/meetmeprograms.hu\/hu\/paniqszoba\/\">PANiQSZOBA<\/a><\/h2><span class=\"excerpt\">PANiQ-ROOM has opened its doors back in March 15, 2012 in Budapest, so it was among the first&hellip;<\/span><\/div><div class=\"listing-item\"><div class=\"img_wrap\"><div class=\"icon_wrap animated fadeInUp\"><a href=\"https:\/\/meetmeprograms.hu\/hu\/gellert-thermal-furdo\/\"><i class=\"fa fa-plus\"><\/i><\/a><\/div><a class=\"image\" href=\"https:\/\/meetmeprograms.hu\/hu\/gellert-thermal-furdo\/\"><img width=\"1024\" height=\"595\" src=\"https:\/\/meetmeprograms.hu\/wp-content\/uploads\/2015\/10\/gellert-thermal-bath-head-1024x595.jpg\" class=\"attachment-large size-large wp-post-image\" alt=\"\" decoding=\"async\" loading=\"lazy\" srcset=\"https:\/\/meetmeprograms.hu\/wp-content\/uploads\/2015\/10\/gellert-thermal-bath-head-1024x595.jpg 1024w, https:\/\/meetmeprograms.hu\/wp-content\/uploads\/2015\/10\/gellert-thermal-bath-head-300x174.jpg 300w, https:\/\/meetmeprograms.hu\/wp-content\/uploads\/2015\/10\/gellert-thermal-bath-head-768x446.jpg 768w\" sizes=\"(max-width: 1024px) 100vw, 1024px\" \/><\/a><\/div><h2 class=\"lt_animate\"><a class=\"title\" href=\"https:\/\/meetmeprograms.hu\/hu\/gellert-thermal-furdo\/\">Gell\u00e9rt Thermal F\u00fcrd\u0151<\/a><\/h2><span class=\"excerpt\">The Gell\u00e9rt Baths is developing its services continuously, so many new services are being introduced. Mixed bathing all&hellip;<\/span><\/div><div class=\"listing-item\"><div class=\"img_wrap\"><div class=\"icon_wrap animated fadeInUp\"><a href=\"https:\/\/meetmeprograms.hu\/hu\/claustrophilia\/\"><i class=\"fa fa-plus\"><\/i><\/a><\/div><a class=\"image\" href=\"https:\/\/meetmeprograms.hu\/hu\/claustrophilia\/\"><img width=\"1024\" height=\"595\" src=\"https:\/\/meetmeprograms.hu\/wp-content\/uploads\/2015\/12\/claustrophilia-head-1024x595.jpg\" class=\"attachment-large size-large wp-post-image\" alt=\"\" decoding=\"async\" loading=\"lazy\" srcset=\"https:\/\/meetmeprograms.hu\/wp-content\/uploads\/2015\/12\/claustrophilia-head-1024x595.jpg 1024w, https:\/\/meetmeprograms.hu\/wp-content\/uploads\/2015\/12\/claustrophilia-head-300x174.jpg 300w, https:\/\/meetmeprograms.hu\/wp-content\/uploads\/2015\/12\/claustrophilia-head-768x446.jpg 768w\" sizes=\"(max-width: 1024px) 100vw, 1024px\" \/><\/a><\/div><h2 class=\"lt_animate\"><a class=\"title\" href=\"https:\/\/meetmeprograms.hu\/hu\/claustrophilia\/\">Claustrophilia<\/a><\/h2><span class=\"excerpt\">Mi is az a CLAUSTROPHILIA? A sz\u00e1m\u00edt\u00f3g\u00e9pes j\u00e1t\u00e9kokb\u00f3l j\u00f3l ismert kaland val\u00f3s\u00e1gba \u00fcltet\u00e9se, ahol a keresg\u00e9l\u00e9s, rejtv\u00e9nyfejt\u00e9s \u00e9s&hellip;<\/span><\/div><div class=\"listing-item\"><div class=\"img_wrap\"><div class=\"icon_wrap animated fadeInUp\"><a href=\"https:\/\/meetmeprograms.hu\/hu\/skyward\/\"><i class=\"fa fa-plus\"><\/i><\/a><\/div><a class=\"image\" href=\"https:\/\/meetmeprograms.hu\/hu\/skyward\/\"><img width=\"1024\" height=\"595\" src=\"https:\/\/meetmeprograms.hu\/wp-content\/uploads\/2015\/12\/skyward-head-1024x595.jpg\" class=\"attachment-large size-large wp-post-image\" alt=\"\" decoding=\"async\" loading=\"lazy\" srcset=\"https:\/\/meetmeprograms.hu\/wp-content\/uploads\/2015\/12\/skyward-head-1024x595.jpg 1024w, https:\/\/meetmeprograms.hu\/wp-content\/uploads\/2015\/12\/skyward-head-300x174.jpg 300w, https:\/\/meetmeprograms.hu\/wp-content\/uploads\/2015\/12\/skyward-head-768x446.jpg 768w\" sizes=\"(max-width: 1024px) 100vw, 1024px\" \/><\/a><\/div><h2 class=\"lt_animate\"><a class=\"title\" href=\"https:\/\/meetmeprograms.hu\/hu\/skyward\/\">SkyWard<\/a><\/h2><span class=\"excerpt\">Mi is az a sz\u00e9lcsatorna? Szinte nincs olyan ember, aki ne szeretne \u00fagy rep\u00fclni, mint a mad\u00e1r. A&hellip;<\/span><\/div><\/div>\n","protected":false},"excerpt":{"rendered":"","protected":false},"author":1,"featured_media":0,"parent":0,"menu_order":0,"comment_status":"closed","ping_status":"closed","template":"","meta":[],"_links":{"self":[{"href":"https:\/\/meetmeprograms.hu\/hu\/wp-json\/wp\/v2\/pages\/1156"}],"collection":[{"href":"https:\/\/meetmeprograms.hu\/hu\/wp-json\/wp\/v2\/pages"}],"about":[{"href":"https:\/\/meetmeprograms.hu\/hu\/wp-json\/wp\/v2\/types\/page"}],"author":[{"embeddable":true,"href":"https:\/\/meetmeprograms.hu\/hu\/wp-json\/wp\/v2\/users\/1"}],"replies":[{"embeddable":true,"href":"https:\/\/meetmeprograms.hu\/hu\/wp-json\/wp\/v2\/comments?post=1156"}],"version-history":[{"count":1,"href":"https:\/\/meetmeprograms.hu\/hu\/wp-json\/wp\/v2\/pages\/1156\/revisions"}],"predecessor-version":[{"id":1157,"href":"https:\/\/meetmeprograms.hu\/hu\/wp-json\/wp\/v2\/pages\/1156\/revisions\/1157"}],"wp:attachment":[{"href":"https:\/\/meetmeprograms.hu\/hu\/wp-json\/wp\/v2\/media?parent=1156"}],"curies":[{"name":"wp","href":"https:\/\/api.w.org\/{rel}","templated":true}]}}