{"id":1159,"date":"2016-01-02T08:51:59","date_gmt":"2016-01-02T08:51:59","guid":{"rendered":"http:\/\/new.meetmeprograms.hu\/hu\/?page_id=1159"},"modified":"2016-01-02T10:21:20","modified_gmt":"2016-01-02T10:21:20","slug":"latnivalok","status":"publish","type":"page","link":"https:\/\/meetmeprograms.hu\/hu\/latnivalok\/","title":{"rendered":"L\u00e1tnival\u00f3k"},"content":{"rendered":"<div class=\"display-posts-listing lts_layout3 \"><div class=\"listing-item\"><div class=\"img_wrap\"><div class=\"icon_wrap animated fadeInUp\"><a href=\"https:\/\/meetmeprograms.hu\/hu\/mahart\/\"><i class=\"fa fa-plus\"><\/i><\/a><\/div><a class=\"image\" href=\"https:\/\/meetmeprograms.hu\/hu\/mahart\/\"><img width=\"1024\" height=\"595\" src=\"https:\/\/meetmeprograms.hu\/wp-content\/uploads\/2017\/11\/mahart-head-1024x595.jpg\" class=\"attachment-large size-large wp-post-image\" alt=\"\" decoding=\"async\" loading=\"lazy\" srcset=\"https:\/\/meetmeprograms.hu\/wp-content\/uploads\/2017\/11\/mahart-head-1024x595.jpg 1024w, https:\/\/meetmeprograms.hu\/wp-content\/uploads\/2017\/11\/mahart-head-300x174.jpg 300w, https:\/\/meetmeprograms.hu\/wp-content\/uploads\/2017\/11\/mahart-head-768x446.jpg 768w\" sizes=\"(max-width: 1024px) 100vw, 1024px\" \/><\/a><\/div><h2 class=\"lt_animate\"><a class=\"title\" href=\"https:\/\/meetmeprograms.hu\/hu\/mahart\/\">MAHART<\/a><\/h2><span class=\"excerpt\">C\u00e9g\u00fcnk f\u0151 profilja a haj\u00f3z\u00e1s. Magyarorsz\u00e1g haj\u00f3z\u00e1si \u00fczlet\u00e1g\u00e1nak f\u0151 szerepl\u0151jek\u00e9nt vagyunk jelen a piacon. Kik\u00f6t\u0151i \u00fczemeltet\u00e9si csoportunk a&hellip;<\/span><\/div><div class=\"listing-item\"><div class=\"img_wrap\"><div class=\"icon_wrap animated fadeInUp\"><a href=\"https:\/\/meetmeprograms.hu\/hu\/hosok-tere\/\"><i class=\"fa fa-plus\"><\/i><\/a><\/div><a class=\"image\" href=\"https:\/\/meetmeprograms.hu\/hu\/hosok-tere\/\"><img width=\"1024\" height=\"445\" src=\"https:\/\/meetmeprograms.hu\/wp-content\/uploads\/2014\/11\/hosok_tere_hungary-1024x445.jpg\" class=\"attachment-large size-large wp-post-image\" alt=\"\" decoding=\"async\" loading=\"lazy\" srcset=\"https:\/\/meetmeprograms.hu\/wp-content\/uploads\/2014\/11\/hosok_tere_hungary-1024x445.jpg 1024w, https:\/\/meetmeprograms.hu\/wp-content\/uploads\/2014\/11\/hosok_tere_hungary-300x130.jpg 300w, https:\/\/meetmeprograms.hu\/wp-content\/uploads\/2014\/11\/hosok_tere_hungary-768x334.jpg 768w\" sizes=\"(max-width: 1024px) 100vw, 1024px\" \/><\/a><\/div><h2 class=\"lt_animate\"><a class=\"title\" href=\"https:\/\/meetmeprograms.hu\/hu\/hosok-tere\/\">H\u0151s\u00f6k tere<\/a><\/h2><span class=\"excerpt\">H\u0151s\u00f6k tere is surrounded by two important buildings, Museum of Fine Arts on the left and Palace of&hellip;<\/span><\/div><div class=\"listing-item\"><div class=\"img_wrap\"><div class=\"icon_wrap animated fadeInUp\"><a href=\"https:\/\/meetmeprograms.hu\/hu\/szent-istvan-bazilika\/\"><i class=\"fa fa-plus\"><\/i><\/a><\/div><a class=\"image\" href=\"https:\/\/meetmeprograms.hu\/hu\/szent-istvan-bazilika\/\"><img width=\"1024\" height=\"819\" src=\"https:\/\/meetmeprograms.hu\/wp-content\/uploads\/2014\/11\/basilica-1024x819.jpeg\" class=\"attachment-large size-large wp-post-image\" alt=\"\" decoding=\"async\" loading=\"lazy\" srcset=\"https:\/\/meetmeprograms.hu\/wp-content\/uploads\/2014\/11\/basilica-1024x819.jpeg 1024w, https:\/\/meetmeprograms.hu\/wp-content\/uploads\/2014\/11\/basilica-300x240.jpeg 300w, https:\/\/meetmeprograms.hu\/wp-content\/uploads\/2014\/11\/basilica-768x614.jpeg 768w, https:\/\/meetmeprograms.hu\/wp-content\/uploads\/2014\/11\/basilica.jpeg 2000w\" sizes=\"(max-width: 1024px) 100vw, 1024px\" \/><\/a><\/div><h2 class=\"lt_animate\"><a class=\"title\" href=\"https:\/\/meetmeprograms.hu\/hu\/szent-istvan-bazilika\/\">Szent Istv\u00e1n-bazilika<\/a><\/h2><span class=\"excerpt\">St. Stephen&#8217;s Basilica (Hungarian: Szent Istv\u00e1n-bazilika) is a Roman Catholic basilica in Budapest, Hungary. It is named in&hellip;<\/span><\/div><div class=\"listing-item\"><div class=\"img_wrap\"><div class=\"icon_wrap animated fadeInUp\"><a href=\"https:\/\/meetmeprograms.hu\/hu\/halaszbastya\/\"><i class=\"fa fa-plus\"><\/i><\/a><\/div><a class=\"image\" href=\"https:\/\/meetmeprograms.hu\/hu\/halaszbastya\/\"><img width=\"1024\" height=\"847\" src=\"https:\/\/meetmeprograms.hu\/wp-content\/uploads\/2014\/11\/Budapestfishermansbastionavertical-1024x847.jpg\" class=\"attachment-large size-large wp-post-image\" alt=\"\" decoding=\"async\" loading=\"lazy\" srcset=\"https:\/\/meetmeprograms.hu\/wp-content\/uploads\/2014\/11\/Budapestfishermansbastionavertical-1024x847.jpg 1024w, https:\/\/meetmeprograms.hu\/wp-content\/uploads\/2014\/11\/Budapestfishermansbastionavertical-300x248.jpg 300w, https:\/\/meetmeprograms.hu\/wp-content\/uploads\/2014\/11\/Budapestfishermansbastionavertical-768x635.jpg 768w, https:\/\/meetmeprograms.hu\/wp-content\/uploads\/2014\/11\/Budapestfishermansbastionavertical.jpg 1800w\" sizes=\"(max-width: 1024px) 100vw, 1024px\" \/><\/a><\/div><h2 class=\"lt_animate\"><a class=\"title\" href=\"https:\/\/meetmeprograms.hu\/hu\/halaszbastya\/\">Hal\u00e1szb\u00e1stya<\/a><\/h2><span class=\"excerpt\">The Hal\u00e1szb\u00e1stya or Fisherman&#8217;s Bastion is a terrace in neo-Gothic and neo-Romanesque style situated on the Buda bank&hellip;<\/span><\/div><div class=\"listing-item\"><div class=\"img_wrap\"><div class=\"icon_wrap animated fadeInUp\"><a href=\"https:\/\/meetmeprograms.hu\/hu\/budavari-palota\/\"><i class=\"fa fa-plus\"><\/i><\/a><\/div><a class=\"image\" href=\"https:\/\/meetmeprograms.hu\/hu\/budavari-palota\/\"><img width=\"1024\" height=\"553\" src=\"https:\/\/meetmeprograms.hu\/wp-content\/uploads\/2014\/11\/River_Beatrice_ship_2007_005-1024x553.jpg\" class=\"attachment-large size-large wp-post-image\" alt=\"\" decoding=\"async\" loading=\"lazy\" srcset=\"https:\/\/meetmeprograms.hu\/wp-content\/uploads\/2014\/11\/River_Beatrice_ship_2007_005-1024x553.jpg 1024w, https:\/\/meetmeprograms.hu\/wp-content\/uploads\/2014\/11\/River_Beatrice_ship_2007_005-300x162.jpg 300w, https:\/\/meetmeprograms.hu\/wp-content\/uploads\/2014\/11\/River_Beatrice_ship_2007_005-768x415.jpg 768w, https:\/\/meetmeprograms.hu\/wp-content\/uploads\/2014\/11\/River_Beatrice_ship_2007_005.jpg 1600w\" sizes=\"(max-width: 1024px) 100vw, 1024px\" \/><\/a><\/div><h2 class=\"lt_animate\"><a class=\"title\" href=\"https:\/\/meetmeprograms.hu\/hu\/budavari-palota\/\">Budav\u00e1ri Palota<\/a><\/h2><span class=\"excerpt\">Buda Castle (Hungarian: Budav\u00e1ri Palota, German: Burgpalast, Turkish: Budin Kalesi) is the historical castle and palace complex of&hellip;<\/span><\/div><div class=\"listing-item\"><div class=\"img_wrap\"><div class=\"icon_wrap animated fadeInUp\"><a href=\"https:\/\/meetmeprograms.hu\/hu\/andrassy-ut\/\"><i class=\"fa fa-plus\"><\/i><\/a><\/div><a class=\"image\" href=\"https:\/\/meetmeprograms.hu\/hu\/andrassy-ut\/\"><img width=\"775\" height=\"600\" src=\"https:\/\/meetmeprograms.hu\/wp-content\/uploads\/2015\/01\/andrassy.jpg\" class=\"attachment-large size-large wp-post-image\" alt=\"\" decoding=\"async\" loading=\"lazy\" srcset=\"https:\/\/meetmeprograms.hu\/wp-content\/uploads\/2015\/01\/andrassy.jpg 775w, https:\/\/meetmeprograms.hu\/wp-content\/uploads\/2015\/01\/andrassy-300x232.jpg 300w, https:\/\/meetmeprograms.hu\/wp-content\/uploads\/2015\/01\/andrassy-768x595.jpg 768w\" sizes=\"(max-width: 775px) 100vw, 775px\" \/><\/a><\/div><h2 class=\"lt_animate\"><a class=\"title\" href=\"https:\/\/meetmeprograms.hu\/hu\/andrassy-ut\/\">Andr\u00e1ssy \u00fat<\/a><\/h2><span class=\"excerpt\">Andr\u00e1ssy Avenue (Hungarian: Andr\u00e1ssy \u00fat) is a boulevard in Budapest, Hungary, dating back to 1872. It links Erzs\u00e9bet&hellip;<\/span><\/div><div class=\"listing-item\"><div class=\"img_wrap\"><div class=\"icon_wrap animated fadeInUp\"><a href=\"https:\/\/meetmeprograms.hu\/hu\/varosliget\/\"><i class=\"fa fa-plus\"><\/i><\/a><\/div><a class=\"image\" href=\"https:\/\/meetmeprograms.hu\/hu\/varosliget\/\"><img width=\"1024\" height=\"513\" src=\"https:\/\/meetmeprograms.hu\/wp-content\/uploads\/2015\/01\/varosliget-1024x513.jpg\" class=\"attachment-large size-large wp-post-image\" alt=\"\" decoding=\"async\" loading=\"lazy\" srcset=\"https:\/\/meetmeprograms.hu\/wp-content\/uploads\/2015\/01\/varosliget-1024x513.jpg 1024w, https:\/\/meetmeprograms.hu\/wp-content\/uploads\/2015\/01\/varosliget-300x150.jpg 300w, https:\/\/meetmeprograms.hu\/wp-content\/uploads\/2015\/01\/varosliget-768x385.jpg 768w, https:\/\/meetmeprograms.hu\/wp-content\/uploads\/2015\/01\/varosliget.jpg 1190w\" sizes=\"(max-width: 1024px) 100vw, 1024px\" \/><\/a><\/div><h2 class=\"lt_animate\"><a class=\"title\" href=\"https:\/\/meetmeprograms.hu\/hu\/varosliget\/\">V\u00e1rosliget<\/a><\/h2><span class=\"excerpt\">V\u00e1rosliget (English: City Park; German: Stadtw\u00e4ldchen) is a public park close to the centre of Budapest, Hungary. It&hellip;<\/span><\/div><div class=\"listing-item\"><div class=\"img_wrap\"><div class=\"icon_wrap animated fadeInUp\"><a href=\"https:\/\/meetmeprograms.hu\/hu\/fovarosi-allat-es-novenykert\/\"><i class=\"fa fa-plus\"><\/i><\/a><\/div><a class=\"image\" href=\"https:\/\/meetmeprograms.hu\/hu\/fovarosi-allat-es-novenykert\/\"><img width=\"1024\" height=\"768\" src=\"https:\/\/meetmeprograms.hu\/wp-content\/uploads\/2015\/01\/allatkert-1024x768.jpg\" class=\"attachment-large size-large wp-post-image\" alt=\"\" decoding=\"async\" loading=\"lazy\" srcset=\"https:\/\/meetmeprograms.hu\/wp-content\/uploads\/2015\/01\/allatkert.jpg 1024w, https:\/\/meetmeprograms.hu\/wp-content\/uploads\/2015\/01\/allatkert-300x225.jpg 300w, https:\/\/meetmeprograms.hu\/wp-content\/uploads\/2015\/01\/allatkert-768x576.jpg 768w\" sizes=\"(max-width: 1024px) 100vw, 1024px\" \/><\/a><\/div><h2 class=\"lt_animate\"><a class=\"title\" href=\"https:\/\/meetmeprograms.hu\/hu\/fovarosi-allat-es-novenykert\/\">F\u0151v\u00e1rosi \u00c1llat- \u00e9s N\u00f6v\u00e9nykert<\/a><\/h2><span class=\"excerpt\">Budapest Zoo &amp; Botanical Garden (Hungarian: F\u0151v\u00e1rosi \u00c1llat- \u00e9s N\u00f6v\u00e9nykert) is the oldest zoo park in Hungary and&hellip;<\/span><\/div><div class=\"listing-item\"><div class=\"img_wrap\"><div class=\"icon_wrap animated fadeInUp\"><a href=\"https:\/\/meetmeprograms.hu\/hu\/szepmuveszeti-muzeum\/\"><i class=\"fa fa-plus\"><\/i><\/a><\/div><a class=\"image\" href=\"https:\/\/meetmeprograms.hu\/hu\/szepmuveszeti-muzeum\/\"><img width=\"1024\" height=\"768\" src=\"https:\/\/meetmeprograms.hu\/wp-content\/uploads\/2015\/01\/museum-of-fine-arts-1024x768.jpg\" class=\"attachment-large size-large wp-post-image\" alt=\"\" decoding=\"async\" loading=\"lazy\" srcset=\"https:\/\/meetmeprograms.hu\/wp-content\/uploads\/2015\/01\/museum-of-fine-arts-1024x768.jpg 1024w, https:\/\/meetmeprograms.hu\/wp-content\/uploads\/2015\/01\/museum-of-fine-arts-300x225.jpg 300w, https:\/\/meetmeprograms.hu\/wp-content\/uploads\/2015\/01\/museum-of-fine-arts-768x576.jpg 768w\" sizes=\"(max-width: 1024px) 100vw, 1024px\" \/><\/a><\/div><h2 class=\"lt_animate\"><a class=\"title\" href=\"https:\/\/meetmeprograms.hu\/hu\/szepmuveszeti-muzeum\/\">Sz\u00e9pm\u0171v\u00e9szeti M\u00fazeum<\/a><\/h2><span class=\"excerpt\">The Museum of Fine Arts (Hungarian: Sz\u00e9pm\u0171v\u00e9szeti M\u00fazeum) is a museum in Heroes&#8217; Square, Budapest, Hungary, facing the&hellip;<\/span><\/div><div class=\"listing-item\"><div class=\"img_wrap\"><div class=\"icon_wrap animated fadeInUp\"><a href=\"https:\/\/meetmeprograms.hu\/hu\/magyar-muszaki-es-kozlekedesi-muzeum\/\"><i class=\"fa fa-plus\"><\/i><\/a><\/div><a class=\"image\" href=\"https:\/\/meetmeprograms.hu\/hu\/magyar-muszaki-es-kozlekedesi-muzeum\/\"><img width=\"711\" height=\"547\" src=\"https:\/\/meetmeprograms.hu\/wp-content\/uploads\/2015\/01\/Transp-museum1.jpg\" class=\"attachment-large size-large wp-post-image\" alt=\"\" decoding=\"async\" loading=\"lazy\" srcset=\"https:\/\/meetmeprograms.hu\/wp-content\/uploads\/2015\/01\/Transp-museum1.jpg 711w, https:\/\/meetmeprograms.hu\/wp-content\/uploads\/2015\/01\/Transp-museum1-300x231.jpg 300w\" sizes=\"(max-width: 711px) 100vw, 711px\" \/><\/a><\/div><h2 class=\"lt_animate\"><a class=\"title\" href=\"https:\/\/meetmeprograms.hu\/hu\/magyar-muszaki-es-kozlekedesi-muzeum\/\">Magyar M\u0171szaki \u00e9s K\u00f6zleked\u00e9si M\u00fazeum<\/a><\/h2><span class=\"excerpt\">The Magyar M\u0171szaki \u00e9s K\u00f6zleked\u00e9si M\u00fazeum (&#8222;Hungarian Technical and Transportation Museum&#8221;), still often referred to with its former&hellip;<\/span><\/div><div class=\"listing-item\"><div class=\"img_wrap\"><div class=\"icon_wrap animated fadeInUp\"><a href=\"https:\/\/meetmeprograms.hu\/hu\/mucsarnok\/\"><i class=\"fa fa-plus\"><\/i><\/a><\/div><a class=\"image\" href=\"https:\/\/meetmeprograms.hu\/hu\/mucsarnok\/\"><img width=\"1024\" height=\"768\" src=\"https:\/\/meetmeprograms.hu\/wp-content\/uploads\/2015\/01\/hallofart-1024x768.jpg\" class=\"attachment-large size-large wp-post-image\" alt=\"\" decoding=\"async\" loading=\"lazy\" srcset=\"https:\/\/meetmeprograms.hu\/wp-content\/uploads\/2015\/01\/hallofart.jpg 1024w, https:\/\/meetmeprograms.hu\/wp-content\/uploads\/2015\/01\/hallofart-300x225.jpg 300w, https:\/\/meetmeprograms.hu\/wp-content\/uploads\/2015\/01\/hallofart-768x576.jpg 768w\" sizes=\"(max-width: 1024px) 100vw, 1024px\" \/><\/a><\/div><h2 class=\"lt_animate\"><a class=\"title\" href=\"https:\/\/meetmeprograms.hu\/hu\/mucsarnok\/\">M\u0171csarnok<\/a><\/h2><span class=\"excerpt\">Hall of Art, Budapest (M\u0171csarnok in Hungarian, literally approx. Hall of Art, sometimes referred to as Palace of&hellip;<\/span><\/div><div class=\"listing-item\"><div class=\"img_wrap\"><div class=\"icon_wrap animated fadeInUp\"><a href=\"https:\/\/meetmeprograms.hu\/hu\/erzsebet-kilato\/\"><i class=\"fa fa-plus\"><\/i><\/a><\/div><a class=\"image\" href=\"https:\/\/meetmeprograms.hu\/hu\/erzsebet-kilato\/\"><img width=\"1000\" height=\"750\" src=\"https:\/\/meetmeprograms.hu\/wp-content\/uploads\/2015\/01\/Janoshegy1.jpg\" class=\"attachment-large size-large wp-post-image\" alt=\"\" decoding=\"async\" loading=\"lazy\" srcset=\"https:\/\/meetmeprograms.hu\/wp-content\/uploads\/2015\/01\/Janoshegy1.jpg 1000w, https:\/\/meetmeprograms.hu\/wp-content\/uploads\/2015\/01\/Janoshegy1-300x225.jpg 300w, https:\/\/meetmeprograms.hu\/wp-content\/uploads\/2015\/01\/Janoshegy1-768x576.jpg 768w\" sizes=\"(max-width: 1000px) 100vw, 1000px\" \/><\/a><\/div><h2 class=\"lt_animate\"><a class=\"title\" href=\"https:\/\/meetmeprograms.hu\/hu\/erzsebet-kilato\/\">Erzs\u00e9bet kil\u00e1t\u00f3<\/a><\/h2><span class=\"excerpt\">The Elizabeth Lookout (Hungarian: Erzs\u00e9bet-kil\u00e1t\u00f3) is a historic lookout tower on J\u00e1nos-hegy above Budapest. Built in 1911, the&hellip;<\/span><\/div><div class=\"listing-item\"><div class=\"img_wrap\"><div class=\"icon_wrap animated fadeInUp\"><a href=\"https:\/\/meetmeprograms.hu\/hu\/dohany-utcai-zsinagoga\/\"><i class=\"fa fa-plus\"><\/i><\/a><\/div><a class=\"image\" href=\"https:\/\/meetmeprograms.hu\/hu\/dohany-utcai-zsinagoga\/\"><img width=\"1024\" height=\"685\" src=\"https:\/\/meetmeprograms.hu\/wp-content\/uploads\/2015\/10\/zsinagoga1-1024x685.jpg\" class=\"attachment-large size-large wp-post-image\" alt=\"\" decoding=\"async\" loading=\"lazy\" srcset=\"https:\/\/meetmeprograms.hu\/wp-content\/uploads\/2015\/10\/zsinagoga1-1024x685.jpg 1024w, https:\/\/meetmeprograms.hu\/wp-content\/uploads\/2015\/10\/zsinagoga1-300x201.jpg 300w, https:\/\/meetmeprograms.hu\/wp-content\/uploads\/2015\/10\/zsinagoga1-768x514.jpg 768w\" sizes=\"(max-width: 1024px) 100vw, 1024px\" \/><\/a><\/div><h2 class=\"lt_animate\"><a class=\"title\" href=\"https:\/\/meetmeprograms.hu\/hu\/dohany-utcai-zsinagoga\/\">DOH\u00c1NY UTCAI ZSINAG\u00d3GA<\/a><\/h2><span class=\"excerpt\">Guided tours for groups every hour The size of the building, which was inaugurated in 1659, reflects the&hellip;<\/span><\/div><div class=\"listing-item\"><div class=\"img_wrap\"><div class=\"icon_wrap animated fadeInUp\"><a href=\"https:\/\/meetmeprograms.hu\/hu\/gul-baba-turbeje\/\"><i class=\"fa fa-plus\"><\/i><\/a><\/div><a class=\"image\" href=\"https:\/\/meetmeprograms.hu\/hu\/gul-baba-turbeje\/\"><img width=\"1024\" height=\"768\" src=\"https:\/\/meetmeprograms.hu\/wp-content\/uploads\/2015\/10\/gullbaba1-1024x768.jpg\" class=\"attachment-large size-large wp-post-image\" alt=\"\" decoding=\"async\" loading=\"lazy\" srcset=\"https:\/\/meetmeprograms.hu\/wp-content\/uploads\/2015\/10\/gullbaba1.jpg 1024w, https:\/\/meetmeprograms.hu\/wp-content\/uploads\/2015\/10\/gullbaba1-300x225.jpg 300w, https:\/\/meetmeprograms.hu\/wp-content\/uploads\/2015\/10\/gullbaba1-768x576.jpg 768w\" sizes=\"(max-width: 1024px) 100vw, 1024px\" \/><\/a><\/div><h2 class=\"lt_animate\"><a class=\"title\" href=\"https:\/\/meetmeprograms.hu\/hu\/gul-baba-turbeje\/\">G\u00dcL BABA T\u00dcRB\u00c9JE<\/a><\/h2><span class=\"excerpt\">If you&#8217;re looking for a perfect destination for a date close to Margaret Bridge, consider G\u00fcl Baba&#8217;s t\u00fcrbe&hellip;<\/span><\/div><div class=\"listing-item\"><div class=\"img_wrap\"><div class=\"icon_wrap animated fadeInUp\"><a href=\"https:\/\/meetmeprograms.hu\/hu\/zwack-muzeum\/\"><i class=\"fa fa-plus\"><\/i><\/a><\/div><a class=\"image\" href=\"https:\/\/meetmeprograms.hu\/hu\/zwack-muzeum\/\"><img width=\"1024\" height=\"595\" src=\"https:\/\/meetmeprograms.hu\/wp-content\/uploads\/2015\/10\/zwack-head-1024x595.jpg\" class=\"attachment-large size-large wp-post-image\" alt=\"\" decoding=\"async\" loading=\"lazy\" srcset=\"https:\/\/meetmeprograms.hu\/wp-content\/uploads\/2015\/10\/zwack-head-1024x595.jpg 1024w, https:\/\/meetmeprograms.hu\/wp-content\/uploads\/2015\/10\/zwack-head-300x174.jpg 300w, https:\/\/meetmeprograms.hu\/wp-content\/uploads\/2015\/10\/zwack-head-768x446.jpg 768w\" sizes=\"(max-width: 1024px) 100vw, 1024px\" \/><\/a><\/div><h2 class=\"lt_animate\"><a class=\"title\" href=\"https:\/\/meetmeprograms.hu\/hu\/zwack-muzeum\/\">Zwack M\u00fazeum<\/a><\/h2><span class=\"excerpt\">Zwack story It was in 1790 that Doctor Zwack, Royal Physician to the Imperial Court, offered the Habsburg&hellip;<\/span><\/div><div class=\"listing-item\"><div class=\"img_wrap\"><div class=\"icon_wrap animated fadeInUp\"><a href=\"https:\/\/meetmeprograms.hu\/hu\/terror-haza\/\"><i class=\"fa fa-plus\"><\/i><\/a><\/div><a class=\"image\" href=\"https:\/\/meetmeprograms.hu\/hu\/terror-haza\/\"><img width=\"1024\" height=\"595\" src=\"https:\/\/meetmeprograms.hu\/wp-content\/uploads\/2015\/10\/house-of-terror-head-1024x595.jpg\" class=\"attachment-large size-large wp-post-image\" alt=\"\" decoding=\"async\" loading=\"lazy\" srcset=\"https:\/\/meetmeprograms.hu\/wp-content\/uploads\/2015\/10\/house-of-terror-head-1024x595.jpg 1024w, https:\/\/meetmeprograms.hu\/wp-content\/uploads\/2015\/10\/house-of-terror-head-300x174.jpg 300w, https:\/\/meetmeprograms.hu\/wp-content\/uploads\/2015\/10\/house-of-terror-head-768x446.jpg 768w\" sizes=\"(max-width: 1024px) 100vw, 1024px\" \/><\/a><\/div><h2 class=\"lt_animate\"><a class=\"title\" href=\"https:\/\/meetmeprograms.hu\/hu\/terror-haza\/\">Terror H\u00e1za<\/a><\/h2><span class=\"excerpt\">Having survived two terror regimes, it was felt that the time had come for Hungary to erect a&hellip;<\/span><\/div><div class=\"listing-item\"><div class=\"img_wrap\"><div class=\"icon_wrap animated fadeInUp\"><a href=\"https:\/\/meetmeprograms.hu\/hu\/szent-anna-templom\/\"><i class=\"fa fa-plus\"><\/i><\/a><\/div><a class=\"image\" href=\"https:\/\/meetmeprograms.hu\/hu\/szent-anna-templom\/\"><img width=\"1024\" height=\"595\" src=\"https:\/\/meetmeprograms.hu\/wp-content\/uploads\/2015\/10\/st-annaes-church-head-1024x595.jpg\" class=\"attachment-large size-large wp-post-image\" alt=\"\" decoding=\"async\" loading=\"lazy\" srcset=\"https:\/\/meetmeprograms.hu\/wp-content\/uploads\/2015\/10\/st-annaes-church-head-1024x595.jpg 1024w, https:\/\/meetmeprograms.hu\/wp-content\/uploads\/2015\/10\/st-annaes-church-head-300x174.jpg 300w, https:\/\/meetmeprograms.hu\/wp-content\/uploads\/2015\/10\/st-annaes-church-head-768x446.jpg 768w\" sizes=\"(max-width: 1024px) 100vw, 1024px\" \/><\/a><\/div><h2 class=\"lt_animate\"><a class=\"title\" href=\"https:\/\/meetmeprograms.hu\/hu\/szent-anna-templom\/\">Szent Anna templom<\/a><\/h2><span class=\"excerpt\">One of the finest Baroque buildings in Budapest, the Church of St. Anna, was built between 1740-1762. The&hellip;<\/span><\/div><div class=\"listing-item\"><div class=\"img_wrap\"><div class=\"icon_wrap animated fadeInUp\"><a href=\"https:\/\/meetmeprograms.hu\/hu\/andrassy-ut-2\/\"><i class=\"fa fa-plus\"><\/i><\/a><\/div><a class=\"image\" href=\"https:\/\/meetmeprograms.hu\/hu\/andrassy-ut-2\/\"><img width=\"775\" height=\"600\" src=\"https:\/\/meetmeprograms.hu\/wp-content\/uploads\/2015\/01\/andrassy.jpg\" class=\"attachment-large size-large wp-post-image\" alt=\"\" decoding=\"async\" loading=\"lazy\" srcset=\"https:\/\/meetmeprograms.hu\/wp-content\/uploads\/2015\/01\/andrassy.jpg 775w, https:\/\/meetmeprograms.hu\/wp-content\/uploads\/2015\/01\/andrassy-300x232.jpg 300w, https:\/\/meetmeprograms.hu\/wp-content\/uploads\/2015\/01\/andrassy-768x595.jpg 768w\" sizes=\"(max-width: 775px) 100vw, 775px\" \/><\/a><\/div><h2 class=\"lt_animate\"><a class=\"title\" href=\"https:\/\/meetmeprograms.hu\/hu\/andrassy-ut-2\/\">Andr\u00e1ssy \u00fat<\/a><\/h2><span class=\"excerpt\">Andr\u00e1ssy Avenue (Hungarian: Andr\u00e1ssy \u00fat) is a boulevard in Budapest, Hungary, dating back to 1872. It links Erzs\u00e9bet&hellip;<\/span><\/div><\/div>\n","protected":false},"excerpt":{"rendered":"","protected":false},"author":1,"featured_media":0,"parent":0,"menu_order":0,"comment_status":"closed","ping_status":"closed","template":"","meta":[],"_links":{"self":[{"href":"https:\/\/meetmeprograms.hu\/hu\/wp-json\/wp\/v2\/pages\/1159"}],"collection":[{"href":"https:\/\/meetmeprograms.hu\/hu\/wp-json\/wp\/v2\/pages"}],"about":[{"href":"https:\/\/meetmeprograms.hu\/hu\/wp-json\/wp\/v2\/types\/page"}],"author":[{"embeddable":true,"href":"https:\/\/meetmeprograms.hu\/hu\/wp-json\/wp\/v2\/users\/1"}],"replies":[{"embeddable":true,"href":"https:\/\/meetmeprograms.hu\/hu\/wp-json\/wp\/v2\/comments?post=1159"}],"version-history":[{"count":1,"href":"https:\/\/meetmeprograms.hu\/hu\/wp-json\/wp\/v2\/pages\/1159\/revisions"}],"predecessor-version":[{"id":1160,"href":"https:\/\/meetmeprograms.hu\/hu\/wp-json\/wp\/v2\/pages\/1159\/revisions\/1160"}],"wp:attachment":[{"href":"https:\/\/meetmeprograms.hu\/hu\/wp-json\/wp\/v2\/media?parent=1159"}],"curies":[{"name":"wp","href":"https:\/\/api.w.org\/{rel}","templated":true}]}}