{"id":1200,"date":"2016-01-02T09:47:52","date_gmt":"2016-01-02T09:47:52","guid":{"rendered":"http:\/\/new.meetmeprograms.hu\/hu\/?page_id=1200"},"modified":"2016-04-26T06:37:28","modified_gmt":"2016-04-26T06:37:28","slug":"szolgaltatasi-feltetelek","status":"publish","type":"page","link":"https:\/\/meetmeprograms.hu\/hu\/szolgaltatasi-feltetelek\/","title":{"rendered":"Szolg\u00e1ltat\u00e1si felt\u00e9telek"},"content":{"rendered":"<p><a href=\"\/wp-content\/uploads\/2016\/01\/ASZF-reklamra-2015-10-19.pdf\" target=\"_blank\">2015.10.19-t\u0151l hat\u00e1lyos \u00c1SZF<\/a><br \/>\n<a href=\"\/wp-content\/uploads\/2016\/01\/ASZF_2015-08-11.pdf\" target=\"_blank\">2015.08.11-t\u0151l hat\u00e1lyos \u00c1SZF<\/a><br \/>\n<a href=\"\/wp-content\/uploads\/2016\/01\/Meetme-aszf-2014.pdf\" target=\"_blank\">2014.07.01-t\u0151l hat\u00e1lyos \u00c1SZF<\/a><\/p>\n","protected":false},"excerpt":{"rendered":"<p>2015.10.19-t\u0151l hat\u00e1lyos \u00c1SZF 2015.08.11-t\u0151l hat\u00e1lyos \u00c1SZF 2014.07.01-t\u0151l hat\u00e1lyos \u00c1SZF<\/p>\n","protected":false},"author":1,"featured_media":0,"parent":0,"menu_order":0,"comment_status":"closed","ping_status":"closed","template":"","meta":[],"_links":{"self":[{"href":"https:\/\/meetmeprograms.hu\/hu\/wp-json\/wp\/v2\/pages\/1200"}],"collection":[{"href":"https:\/\/meetmeprograms.hu\/hu\/wp-json\/wp\/v2\/pages"}],"about":[{"href":"https:\/\/meetmeprograms.hu\/hu\/wp-json\/wp\/v2\/types\/page"}],"author":[{"embeddable":true,"href":"https:\/\/meetmeprograms.hu\/hu\/wp-json\/wp\/v2\/users\/1"}],"replies":[{"embeddable":true,"href":"https:\/\/meetmeprograms.hu\/hu\/wp-json\/wp\/v2\/comments?post=1200"}],"version-history":[{"count":3,"href":"https:\/\/meetmeprograms.hu\/hu\/wp-json\/wp\/v2\/pages\/1200\/revisions"}],"predecessor-version":[{"id":1345,"href":"https:\/\/meetmeprograms.hu\/hu\/wp-json\/wp\/v2\/pages\/1200\/revisions\/1345"}],"wp:attachment":[{"href":"https:\/\/meetmeprograms.hu\/hu\/wp-json\/wp\/v2\/media?parent=1200"}],"curies":[{"name":"wp","href":"https:\/\/api.w.org\/{rel}","templated":true}]}}